{"id":33543,"date":"2026-02-23T18:29:12","date_gmt":"2026-02-23T17:29:12","guid":{"rendered":"https:\/\/motozona.ba\/proizvod\/xzone-tekucina-za-unutarnje-ciscenje-kacige\/"},"modified":"2026-04-22T19:52:33","modified_gmt":"2026-04-22T18:52:33","slug":"xzone-tekucina-za-unutarnje-ciscenje-kacige","status":"publish","type":"product","link":"https:\/\/motozona.ba\/en\/product\/xzone-tekucina-za-unutarnje-ciscenje-kacige\/","title":{"rendered":"XZONE TEKU\u0106INA ZA UNUTARNJE \u010cI\u0160\u010cENJE KACIGE"},"content":{"rendered":"<p><strong>KARAKTERISTIKE I PREDNOSTI:<\/strong><\/p>\n<p>\u2022 Vra\u0107a prozra\u010dnost tkanine: Teku\u0107ina u\u010dinkovito obnavlja svojstva prozra\u010dnosti materijala, osiguravaju\u0107i optimalnu udobnost no\u0161enja i ventilaciju, \u0161to je klju\u010dno za duga putovanja.<br \/>\n\u2022 Uklanja prljav\u0161tinu i znoj: zahvaljuju\u0107i posebnoj formuli, teku\u0107ina u\u010dinkovito uklanja prljav\u0161tinu, ostatke znoja i mrtve stanice ko\u017ee, vra\u0107aju\u0107i svje\u017einu i higijenu va\u0161oj podstavi kacige i termo odje\u0107i.<br \/>\n\u2022 Daje svje\u017ei miris mente: teku\u0107ina ostavlja ugodan, osvje\u017eavaju\u0107i miris mente, dodaju\u0107i osje\u0107aj svje\u017eine i \u010disto\u0107e, \u0161to je posebno va\u017eno za dugotrajno kori\u0161tenje kacige.<br \/>\n\u2022 Neutralizira neugodne mirise: Na\u0161a napredna formula u\u010dinkovito neutralizira neugodne mirise, osiguravaju\u0107i dugotrajnu svje\u017einu i ugodu.<br \/>\n\u2022 Produ\u017eava vijek trajanja: Redovita upotreba teku\u0107ine poma\u017ee odr\u017eavati materijal u izvrsnom stanju, produ\u017euju\u0107i njegov \u017eivotni vijek i pove\u0107avaju\u0107i izdr\u017eljivost obloge kacige.<br \/>\n\u2022 Pobolj\u0161ava stanje vlakana: Teku\u0107ina odr\u017eava strukturu vlakana, sprje\u010dava slabljenje i deformaciju, \u0161to je klju\u010dno za dugotrajnu upotrebu.<br \/>\n\u2022 Pru\u017ea bakteriostatski premaz: s antibakterijskim svojstvima, teku\u0107ina stvara za\u0161titni sloj na povr\u0161ini koji u\u010dinkovito odga\u0111a rast bakterija, osiguravaju\u0107i du\u017eu svje\u017einu i higijenu.<br \/>\n\u2022 Dovoljno za 5 pranja: Kada se koristi prema uputama, teku\u0107ina je dovoljna za 5 pranja.<br \/>\n\u2022 Idealno za pranje: Teku\u0107ina prestaje pjeniti nakon prvog ispiranja i ne iritira ko\u017eu.<br \/>\n\u2022 Izvrstan za termalnu odje\u0107u: Njegova svojstva \u010dine ga savr\u0161enim i za \u010di\u0161\u0107enje tehni\u010dke\/termo odje\u0107e.<br \/>\n\u2022 \u010cisti \u0161minku: U\u010dinkovit je u uklanjanju pudera i druge kozmetike koja ostaje na podlozi.<\/p>","protected":false},"excerpt":{"rendered":"<p>Za\u0161to odabrati teku\u0107inu za \u010di\u0161\u0107enje kacige?<br \/>\nTo je jedini U\u010cINKOVITI na\u010din \u010di\u0161\u0107enja podstave kacige.<\/p>\n<p>\u2022 Nje\u017enost i sigurnost: Na\u0161a je formula sigurna za ruke i lice i ne uti\u010de negativno na tehni\u010dke materijale.<br \/>\n\u2022 Svestranost: Idealno za kori\u0161tenje tokom putovanja, pru\u017eaju\u0107i brzo osvje\u017eenje i njegu.<br \/>\n\u2022 Inovacija: Kombinira u\u010dinkovitost \u010di\u0161\u0107enja sa svojstvima njege, osiguravaju\u0107i trajnost i udobnost.<br \/>\n\u2022 Teku\u0107ina za \u010di\u0161\u0107enje obloge kacige bitan je proizvod za svakog motociklistu koji \u017eeli odr\u017eavati svoju dodatnu opremu u vrhunskom stanju, pru\u017eaju\u0107i dugotrajnu svje\u017einu i udobnost.<\/p>","protected":false},"featured_media":36065,"template":"","meta":[],"product_brand":[413],"product_cat":[392,412,483],"product_tag":[],"class_list":{"0":"post-33543","1":"product","2":"type-product","3":"status-publish","4":"has-post-thumbnail","6":"product_brand-xzone","7":"product_cat-kacige","8":"product_cat-kozmetika","9":"product_cat-kozmetika-kacige","11":"first","12":"instock","13":"taxable","14":"shipping-taxable","15":"purchasable","16":"product-type-simple"},"_links":{"self":[{"href":"https:\/\/motozona.ba\/en\/wp-json\/wp\/v2\/product\/33543","targetHints":{"allow":["GET"]}}],"collection":[{"href":"https:\/\/motozona.ba\/en\/wp-json\/wp\/v2\/product"}],"about":[{"href":"https:\/\/motozona.ba\/en\/wp-json\/wp\/v2\/types\/product"}],"version-history":[{"count":3,"href":"https:\/\/motozona.ba\/en\/wp-json\/wp\/v2\/product\/33543\/revisions"}],"predecessor-version":[{"id":36344,"href":"https:\/\/motozona.ba\/en\/wp-json\/wp\/v2\/product\/33543\/revisions\/36344"}],"wp:featuredmedia":[{"embeddable":true,"href":"https:\/\/motozona.ba\/en\/wp-json\/wp\/v2\/media\/36065"}],"wp:attachment":[{"href":"https:\/\/motozona.ba\/en\/wp-json\/wp\/v2\/media?parent=33543"}],"wp:term":[{"taxonomy":"product_brand","embeddable":true,"href":"https:\/\/motozona.ba\/en\/wp-json\/wp\/v2\/product_brand?post=33543"},{"taxonomy":"product_cat","embeddable":true,"href":"https:\/\/motozona.ba\/en\/wp-json\/wp\/v2\/product_cat?post=33543"},{"taxonomy":"product_tag","embeddable":true,"href":"https:\/\/motozona.ba\/en\/wp-json\/wp\/v2\/product_tag?post=33543"}],"curies":[{"name":"wp","href":"https:\/\/api.w.org\/{rel}","templated":true}]}}