{"id":33552,"date":"2026-02-23T18:29:17","date_gmt":"2026-02-23T17:29:17","guid":{"rendered":"https:\/\/motozona.ba\/proizvod\/lv8-straznji-stender-univerzalni-e620d\/"},"modified":"2026-04-22T23:21:33","modified_gmt":"2026-04-22T22:21:33","slug":"lv8-straznji-stender-univerzalni","status":"publish","type":"product","link":"https:\/\/motozona.ba\/en\/product\/lv8-straznji-stender-univerzalni\/","title":{"rendered":"LV8 STRA\u017dNJI \u0160TENDER UNIVERZALNI E620D"},"content":{"rendered":"","protected":false},"excerpt":{"rendered":"<p>LV8 stra\u017enji univerzalni \u0161tender<\/p>\n<p>&#8211; visina 36 cm<\/p>","protected":false},"featured_media":38773,"template":"","meta":[],"product_brand":[420],"product_cat":[414,419],"product_tag":[],"class_list":{"0":"post-33552","1":"product","2":"type-product","3":"status-publish","4":"has-post-thumbnail","6":"product_brand-lv8","7":"product_cat-odrzavanje","8":"product_cat-stenderi","10":"first","11":"instock","12":"taxable","13":"shipping-taxable","14":"purchasable","15":"product-type-simple"},"_links":{"self":[{"href":"https:\/\/motozona.ba\/en\/wp-json\/wp\/v2\/product\/33552","targetHints":{"allow":["GET"]}}],"collection":[{"href":"https:\/\/motozona.ba\/en\/wp-json\/wp\/v2\/product"}],"about":[{"href":"https:\/\/motozona.ba\/en\/wp-json\/wp\/v2\/types\/product"}],"version-history":[{"count":4,"href":"https:\/\/motozona.ba\/en\/wp-json\/wp\/v2\/product\/33552\/revisions"}],"predecessor-version":[{"id":38135,"href":"https:\/\/motozona.ba\/en\/wp-json\/wp\/v2\/product\/33552\/revisions\/38135"}],"wp:featuredmedia":[{"embeddable":true,"href":"https:\/\/motozona.ba\/en\/wp-json\/wp\/v2\/media\/38773"}],"wp:attachment":[{"href":"https:\/\/motozona.ba\/en\/wp-json\/wp\/v2\/media?parent=33552"}],"wp:term":[{"taxonomy":"product_brand","embeddable":true,"href":"https:\/\/motozona.ba\/en\/wp-json\/wp\/v2\/product_brand?post=33552"},{"taxonomy":"product_cat","embeddable":true,"href":"https:\/\/motozona.ba\/en\/wp-json\/wp\/v2\/product_cat?post=33552"},{"taxonomy":"product_tag","embeddable":true,"href":"https:\/\/motozona.ba\/en\/wp-json\/wp\/v2\/product_tag?post=33552"}],"curies":[{"name":"wp","href":"https:\/\/api.w.org\/{rel}","templated":true}]}}